{"id":16300,"date":"2024-05-21T14:18:37","date_gmt":"2024-05-21T14:18:37","guid":{"rendered":"https:\/\/scoala24ionjalea.com\/?page_id=16300"},"modified":"2024-05-21T14:18:38","modified_gmt":"2024-05-21T14:18:38","slug":"materiale-d-s-p","status":"publish","type":"page","link":"https:\/\/scoala24ionjalea.ro\/index.php\/materiale-d-s-p\/","title":{"rendered":"Materiale D.S.P"},"content":{"rendered":"\n<p>HRISTOS A-NVIAT!<\/p>\n\n\n\n<p>In luna mai 2024 se desfasoara Campania Prevenirea consumului de tutun , cu sloganul ,,De unde \u0219tii \u2026.adev\u0103rul despre produsele din tutun?&#8221;<\/p>\n\n\n\n<p>Tema:<\/p>\n\n\n\n<p>Prevenirea consumului de \u021big\u0103ri \u0219i a utiliz\u0103rii de dispozitive electronice (HTP) \u00een r\u00e2ndul adolescen\u021bilor<br>Grupuri tinta:<\/p>\n\n\n\n<ul>\n<li>copii 12 &#8211; 16 ani<\/li>\n\n\n\n<li>parintii<\/li>\n\n\n\n<li>cadre didactice<br>Scopul campaniei:<\/li>\n<\/ul>\n\n\n\n<p>Informarea adolescen\u021bilor \u0219i p\u0103rin\u021bilor acestora despre impactul nociv pe care consumul de \u021big\u0103ri \u0219i utilizarea dispozitivelor electronice (HTP) \u00eel pot avea asupra s\u0103n\u0103t\u0103\u021bii<\/p>\n\n\n\n<p>Obiectivele Campaniei<\/p>\n\n\n\n<p>\u00d8Cre\u015fterea nivelului de con\u015ftientizare al adolescen\u021bilor \u0219i p\u0103rin\u021bilor acestora cu privire la riscurile pentru s\u0103n\u0103tate ale consumului de tutun sub orice form\u0103 (fumat conven\u021bional, tutun f\u0103r\u0103 fum \u0219i produse cu tutun \u00eenc\u0103lzit).<\/p>\n\n\n\n<p>\u00d8Cre\u015fterea nivelului de con\u015ftientizare al adolescen\u021bilor \u0219i p\u0103rin\u021bilor acestora cu privire la prezen\u0163a riscului expunerii altor persoane (expunere pasiv\u0103) la inhalarea fumului sau vaporilor de tutun \u015fi\/sau a altor compu\u0219i nocivi.<\/p>\n\n\n\n<p>\u00d8Cre\u015fterea motiva\u0163iei adolescen\u021bilor de a nu consuma nici o form\u0103 de tutun.<\/p>\n\n\n\n<p>\u00d8Cre\u015fterea motiva\u0163iei adolescen\u021bilor care consum\u0103 tutun sub orice form\u0103, de a renun\u0163a s\u0103 mai consume<\/p>\n\n\n\n<p>Va trimit materiale informationale din mapa de Campanie, primite de la INSP Bucuresti, avand avizul MS.<\/p>\n\n\n\n<p>Va rugam:<\/p>\n\n\n\n<ul>\n<li>In concordanta cu HOT\u0102R\u00c2REA Nr. 440\/2022 din 30 martie 2022, pentru aprobarea Strategiei na\u0163ionale privind incluziunea social\u0103 \u015fi reducerea s\u0103r\u0103ciei pentru perioada 2022 &#8211; 2027*): Ac\u0163iunea 1.2.2.\/ Direc\u0163ia de ac\u0163iuni\/ activit\u0103\u0163i\/ m\u0103suri concrete 1.2.2.1. : Publicarea pe paginile de internet ale prim\u0103riilor \u015fi ale institu\u0163iilor publice a informa\u0163iilor format u\u015for de citit, a unui set de informa\u0163ii suport pentru cet\u0103\u0163eni, materiale resurs\u0103 de informare privind un stil de via\u0163\u0103 s\u0103n\u0103tos, riscuri sociale, posibilit\u0103\u0163i de dezvoltare etc. , Va rugam sa postati pe website-ul institutiei dvs a materialelor din mapa de Campanie a lunii mai 2024<\/li>\n\n\n\n<li>activitati sportive in aer liber ,,Spune Nu tutunului, spune Da sportului, Sanatatii&#8221;<\/li>\n\n\n\n<li>organizarea , in aceasta luna, a pauzei mari &#8211; in curtea unitatii scolare- ,,Pauza mare de miscare e Sanatate! Spun NU fumatului!&#8221;<\/li>\n\n\n\n<li>creatie bratari cu mesaje tematice, expozitie desene tematice, postere,<\/li>\n\n\n\n<li>sa realizati panouri\/ aviziere de informare , potrivit Recomandarilor Ministerului Sanatatii prin I.N.S.P.\/ D.S.P.J. Constanta<\/li>\n\n\n\n<li>sa diseminati materialele primite catre colegii Dvs., pentru a le prezenta, discuta cu elevii la orele de dirigentie, cu parintii &#8211; in cadrul sedintelor cu dansiidiseminati in cadrul unitatii Dvs. scolare acest Concurs!<br>Va rog sa imi scrieti daca aveti nevoie de mine, sa intru la clase sa povestim despre aceasta Campanie, binenteles programam, discutam,\u2026<br>In cazul in care eu nu pot ajunge, Va rog ca pana la sfarsitul lunii mai sa imi scrieti datele necesare pentru a scrie Protocoalele si adeverintele.<br>.<\/li>\n<\/ul>\n\n\n\n<p>!!! In cadrul acestei Campanii organizam Concurs creatie logo ,,Preventie consum tutun!&#8221; , participanti elevii din clasele a VI-a a XI-a. Termen de trimitere logo premiant pe unitate scolara este de 21 mai 2024. Sambata 25 mai, in cadrul Premierii Concursului National de Educatie pentru Sanatate se va realiza premierea locurilor I, II si III de la Concursul de creatie logo! Asadar, Va rog sa promovti acest Concurs in unitatea scolara.<br>Va multumesc pentru colaborare!<\/p>\n\n\n\n<p>Asist.Laura Halmache<br>Compartiment Promovarea Sanatatii si Educatie pentru Sanatate<\/p>\n\n\n\n<figure class=\"wp-block-image size-large\"><img decoding=\"async\" loading=\"lazy\" width=\"730\" height=\"1024\" src=\"https:\/\/scoala24ionjalea.ro\/wp-content\/uploads\/2024\/05\/WhatsApp-Image-2024-05-21-at-15.05.02-730x1024.jpeg\" alt=\"\" class=\"wp-image-16301\" srcset=\"https:\/\/scoala24ionjalea.ro\/wp-content\/uploads\/2024\/05\/WhatsApp-Image-2024-05-21-at-15.05.02-730x1024.jpeg 730w, https:\/\/scoala24ionjalea.ro\/wp-content\/uploads\/2024\/05\/WhatsApp-Image-2024-05-21-at-15.05.02-214x300.jpeg 214w, https:\/\/scoala24ionjalea.ro\/wp-content\/uploads\/2024\/05\/WhatsApp-Image-2024-05-21-at-15.05.02-768x1078.jpeg 768w, https:\/\/scoala24ionjalea.ro\/wp-content\/uploads\/2024\/05\/WhatsApp-Image-2024-05-21-at-15.05.02-1094x1536.jpeg 1094w, https:\/\/scoala24ionjalea.ro\/wp-content\/uploads\/2024\/05\/WhatsApp-Image-2024-05-21-at-15.05.02-580x814.jpeg 580w, https:\/\/scoala24ionjalea.ro\/wp-content\/uploads\/2024\/05\/WhatsApp-Image-2024-05-21-at-15.05.02-860x1207.jpeg 860w, https:\/\/scoala24ionjalea.ro\/wp-content\/uploads\/2024\/05\/WhatsApp-Image-2024-05-21-at-15.05.02.jpeg 1140w\" sizes=\"(max-width: 730px) 100vw, 730px\" \/><\/figure>\n\n\n\n<figure class=\"wp-block-image size-large\"><img decoding=\"async\" loading=\"lazy\" width=\"728\" height=\"1024\" src=\"https:\/\/scoala24ionjalea.ro\/wp-content\/uploads\/2024\/05\/WhatsApp-Image-2024-05-21-at-15.05.02-1-728x1024.jpeg\" alt=\"\" class=\"wp-image-16302\" srcset=\"https:\/\/scoala24ionjalea.ro\/wp-content\/uploads\/2024\/05\/WhatsApp-Image-2024-05-21-at-15.05.02-1-728x1024.jpeg 728w, https:\/\/scoala24ionjalea.ro\/wp-content\/uploads\/2024\/05\/WhatsApp-Image-2024-05-21-at-15.05.02-1-213x300.jpeg 213w, https:\/\/scoala24ionjalea.ro\/wp-content\/uploads\/2024\/05\/WhatsApp-Image-2024-05-21-at-15.05.02-1-768x1080.jpeg 768w, https:\/\/scoala24ionjalea.ro\/wp-content\/uploads\/2024\/05\/WhatsApp-Image-2024-05-21-at-15.05.02-1-1092x1536.jpeg 1092w, https:\/\/scoala24ionjalea.ro\/wp-content\/uploads\/2024\/05\/WhatsApp-Image-2024-05-21-at-15.05.02-1-580x815.jpeg 580w, https:\/\/scoala24ionjalea.ro\/wp-content\/uploads\/2024\/05\/WhatsApp-Image-2024-05-21-at-15.05.02-1-860x1209.jpeg 860w, https:\/\/scoala24ionjalea.ro\/wp-content\/uploads\/2024\/05\/WhatsApp-Image-2024-05-21-at-15.05.02-1.jpeg 1138w\" sizes=\"(max-width: 728px) 100vw, 728px\" \/><\/figure>\n\n\n\n<figure class=\"wp-block-image size-large\"><img decoding=\"async\" loading=\"lazy\" width=\"728\" height=\"1024\" src=\"https:\/\/scoala24ionjalea.ro\/wp-content\/uploads\/2024\/05\/WhatsApp-Image-2024-05-21-at-15.05.02-2-728x1024.jpeg\" alt=\"\" class=\"wp-image-16303\" srcset=\"https:\/\/scoala24ionjalea.ro\/wp-content\/uploads\/2024\/05\/WhatsApp-Image-2024-05-21-at-15.05.02-2-728x1024.jpeg 728w, https:\/\/scoala24ionjalea.ro\/wp-content\/uploads\/2024\/05\/WhatsApp-Image-2024-05-21-at-15.05.02-2-213x300.jpeg 213w, https:\/\/scoala24ionjalea.ro\/wp-content\/uploads\/2024\/05\/WhatsApp-Image-2024-05-21-at-15.05.02-2-768x1080.jpeg 768w, https:\/\/scoala24ionjalea.ro\/wp-content\/uploads\/2024\/05\/WhatsApp-Image-2024-05-21-at-15.05.02-2-1092x1536.jpeg 1092w, https:\/\/scoala24ionjalea.ro\/wp-content\/uploads\/2024\/05\/WhatsApp-Image-2024-05-21-at-15.05.02-2-580x815.jpeg 580w, https:\/\/scoala24ionjalea.ro\/wp-content\/uploads\/2024\/05\/WhatsApp-Image-2024-05-21-at-15.05.02-2-860x1209.jpeg 860w, https:\/\/scoala24ionjalea.ro\/wp-content\/uploads\/2024\/05\/WhatsApp-Image-2024-05-21-at-15.05.02-2.jpeg 1138w\" sizes=\"(max-width: 728px) 100vw, 728px\" \/><\/figure>\n\n\n\n<div class=\"wp-block-file\"><a id=\"wp-block-file--media-8af7abbd-9743-4e10-91cd-868763d60093\" href=\"https:\/\/scoala24ionjalea.ro\/wp-content\/uploads\/2024\/05\/Efecte-utilizare-HTP-Unit.sc_.doc\">Efecte-utilizare-HTP-Unit.sc_<\/a><a href=\"https:\/\/scoala24ionjalea.ro\/wp-content\/uploads\/2024\/05\/Efecte-utilizare-HTP-Unit.sc_.doc\" class=\"wp-block-file__button wp-element-button\" download aria-describedby=\"wp-block-file--media-8af7abbd-9743-4e10-91cd-868763d60093\">Download<\/a><\/div>\n\n\n\n<div class=\"wp-block-file\"><a id=\"wp-block-file--media-34736c6e-add6-4b9b-a5b6-c03c3cd539ab\" href=\"https:\/\/scoala24ionjalea.ro\/wp-content\/uploads\/2024\/05\/Comunicat-presa-Tutun-CT-2024.doc\">Comunicat-presa-Tutun-CT-2024<\/a><a href=\"https:\/\/scoala24ionjalea.ro\/wp-content\/uploads\/2024\/05\/Comunicat-presa-Tutun-CT-2024.doc\" class=\"wp-block-file__button wp-element-button\" download aria-describedby=\"wp-block-file--media-34736c6e-add6-4b9b-a5b6-c03c3cd539ab\">Download<\/a><\/div>\n\n\n\n<div class=\"wp-block-file\"><a id=\"wp-block-file--media-076e4294-50a8-4224-9485-b906a58a0f80\" href=\"https:\/\/scoala24ionjalea.ro\/wp-content\/uploads\/2024\/05\/4.-Prezentare-adolescenti-produse-de-tutun.pptx\">4.-Prezentare-adolescenti-produse-de-tutun<\/a><a href=\"https:\/\/scoala24ionjalea.ro\/wp-content\/uploads\/2024\/05\/4.-Prezentare-adolescenti-produse-de-tutun.pptx\" class=\"wp-block-file__button wp-element-button\" download aria-describedby=\"wp-block-file--media-076e4294-50a8-4224-9485-b906a58a0f80\">Download<\/a><\/div>\n","protected":false},"excerpt":{"rendered":"<p>HRISTOS A-NVIAT! In luna mai 2024 se desfasoara Campania Prevenirea consumului de tutun , cu sloganul ,,De unde \u0219tii \u2026.adev\u0103rul&#8230;<\/p>\n","protected":false},"author":1,"featured_media":0,"parent":0,"menu_order":0,"comment_status":"closed","ping_status":"closed","template":"","meta":{"_price":"","_stock":"","_tribe_ticket_header":"","_tribe_default_ticket_provider":"","_tribe_ticket_capacity":"0","_ticket_start_date":"","_ticket_end_date":"","_tribe_ticket_show_description":"","_tribe_ticket_show_not_going":false,"_tribe_ticket_use_global_stock":"","_tribe_ticket_global_stock_level":"","_global_stock_mode":"","_global_stock_cap":"","_tribe_rsvp_for_event":"","_tribe_ticket_going_count":"","_tribe_ticket_not_going_count":"","_tribe_tickets_list":"[]","_tribe_ticket_has_attendee_info_fields":false,"footnotes":""},"ticketed":false,"_links":{"self":[{"href":"https:\/\/scoala24ionjalea.ro\/index.php\/wp-json\/wp\/v2\/pages\/16300"}],"collection":[{"href":"https:\/\/scoala24ionjalea.ro\/index.php\/wp-json\/wp\/v2\/pages"}],"about":[{"href":"https:\/\/scoala24ionjalea.ro\/index.php\/wp-json\/wp\/v2\/types\/page"}],"author":[{"embeddable":true,"href":"https:\/\/scoala24ionjalea.ro\/index.php\/wp-json\/wp\/v2\/users\/1"}],"replies":[{"embeddable":true,"href":"https:\/\/scoala24ionjalea.ro\/index.php\/wp-json\/wp\/v2\/comments?post=16300"}],"version-history":[{"count":1,"href":"https:\/\/scoala24ionjalea.ro\/index.php\/wp-json\/wp\/v2\/pages\/16300\/revisions"}],"predecessor-version":[{"id":16307,"href":"https:\/\/scoala24ionjalea.ro\/index.php\/wp-json\/wp\/v2\/pages\/16300\/revisions\/16307"}],"wp:attachment":[{"href":"https:\/\/scoala24ionjalea.ro\/index.php\/wp-json\/wp\/v2\/media?parent=16300"}],"curies":[{"name":"wp","href":"https:\/\/api.w.org\/{rel}","templated":true}]}}